{"id":237,"date":"2024-08-24T00:11:35","date_gmt":"2024-08-24T00:11:35","guid":{"rendered":"https:\/\/agencia.juanroman.es\/?page_id=237"},"modified":"2024-08-24T00:11:35","modified_gmt":"2024-08-24T00:11:35","slug":"e-commerce","status":"publish","type":"page","link":"https:\/\/agencia.juanroman.es\/index.php\/e-commerce\/","title":{"rendered":"E-commerce"},"content":{"rendered":"<p>[et_pb_section fb_built=\u00bb1&#8243; specialty=\u00bbon\u00bb padding_top_1=\u00bb0px\u00bb padding_top_bottom_link_1=\u00bbfalse\u00bb padding_left_right_link_1=\u00bbfalse\u00bb admin_label=\u00bbHero\u00bb _builder_version=\u00bb4.24.3&#8243; _module_preset=\u00bbdefault\u00bb use_background_color_gradient=\u00bbon\u00bb background_color_gradient_stops=\u00bbrgba(0,0,0,0.6) 0%|rgba(0,0,0,0.6) 100%\u00bb background_color_gradient_overlays_image=\u00bbon\u00bb background_image=\u00bbhttps:\/\/agencia.juanroman.es\/wp-content\/uploads\/2024\/08\/0-eb27ddc3-5003-497c-b828-aa373ba8b51d-1920&#215;1080.jpg\u00bb custom_padding=\u00bb8vw||8vw||true|false\u00bb hover_enabled=\u00bb0&#8243; locked=\u00bboff\u00bb template_type=\u00bbsection\u00bb collapsed=\u00bbon\u00bb global_colors_info=\u00bb{}\u00bb][et_pb_column type=\u00bb1_2&#8243; _builder_version=\u00bb4.16&#8243; _module_preset=\u00bb73121f80-a3ef-4484-8763-c3f18e3c56d2&#8243; custom_padding=\u00bb|||\u00bb hover_enabled=\u00bb0&#8243; global_colors_info=\u00bb{}\u00bb custom_padding__hover=\u00bb|||\u00bb][et_pb_heading title=\u00bbTransforma tu Negocio con Nuestra Experiencia en E-commerce\u00bb _builder_version=\u00bb4.24.3&#8243; _module_preset=\u00bbddeb8c09-9078-4424-bc15-2efb6572e28e\u00bb title_text_color=\u00bb#FFFFFF\u00bb hover_enabled=\u00bb0&#8243; locked=\u00bboff\u00bb global_colors_info=\u00bb{}\u00bb][\/et_pb_heading][et_pb_text _builder_version=\u00bb4.24.3&#8243; _module_preset=\u00bb0504de1e-f5ff-4281-ba60-cbbe4edf98bc\u00bb hover_enabled=\u00bb0&#8243; locked=\u00bboff\u00bb global_colors_info=\u00bb{}\u00bb]<\/p>\n<p>En Juan Rom\u00e1n, ayudamos a las empresas a establecer y optimizar sus tiendas en l\u00ednea para maximizar su potencial de ventas y crecimiento.<\/p>\n<p>[\/et_pb_text][et_pb_button button_text=\u00bbDescubre M\u00e1s\u00bb _builder_version=\u00bb4.24.3&#8243; _module_preset=\u00bbab15fb74-61a3-43aa-96b3-41e09aeef654&#8243; hover_enabled=\u00bb0&#8243; global_colors_info=\u00bb{}\u00bb][\/et_pb_button][\/et_pb_column][et_pb_column type=\u00bb1_2&#8243; specialty_columns=\u00bb2&#8243; _builder_version=\u00bb4.16&#8243; _module_preset=\u00bbdefault\u00bb custom_padding=\u00bb|||\u00bb hover_enabled=\u00bb0&#8243; global_colors_info=\u00bb{}\u00bb custom_padding__hover=\u00bb|||\u00bb][et_pb_row_inner _builder_version=\u00bb4.24.3&#8243; _module_preset=\u00bb533f52f4-ee6c-4dcb-aade-f0bc088a737f\u00bb position_origin_a=\u00bbbottom_left\u00bb width=\u00bb100%\u00bb hover_enabled=\u00bb0&#8243; border_radii=\u00bbon|6px|6px|6px|6px\u00bb global_colors_info=\u00bb{}\u00bb][et_pb_column_inner type=\u00bb4_4&#8243; saved_specialty_column_type=\u00bb1_2&#8243; _builder_version=\u00bb4.16.0&#8243; _module_preset=\u00bb73121f80-a3ef-4484-8763-c3f18e3c56d2&#8243; hover_enabled=\u00bb0&#8243; global_colors_info=\u00bb{}\u00bb][et_pb_heading title=\u00bbSoluciones Personalizadas para tu Tienda en L\u00ednea\u00bb _builder_version=\u00bb4.24.3&#8243; _module_preset=\u00bbf0c675ea-2574-4d0e-b725-30f8550a8550&#8243; title_text_align=\u00bbcenter\u00bb title_text_color=\u00bbgcid-secondary-color\u00bb hover_enabled=\u00bb0&#8243; locked=\u00bboff\u00bb global_colors_info=\u00bb{%22gcid-secondary-color%22:%91%22title_text_color%22%93}\u00bb][\/et_pb_heading][et_pb_heading title=\u00bbEmpieza Hoy Mismo\u00bb _builder_version=\u00bb4.24.3&#8243; _module_preset=\u00bbba4a6336-701f-47b8-bf5c-09da0ce28016&#8243; title_text_align=\u00bbcenter\u00bb hover_enabled=\u00bb0&#8243; locked=\u00bboff\u00bb global_colors_info=\u00bb{}\u00bb][\/et_pb_heading][et_pb_text _builder_version=\u00bb4.24.3&#8243; _module_preset=\u00bb2c55a9c4-feed-423b-9edb-ae0b5b365cac\u00bb text_orientation=\u00bbcenter\u00bb hover_enabled=\u00bb0&#8243; locked=\u00bboff\u00bb global_colors_info=\u00bb{}\u00bb]<\/p>\n<p>\u00a1No esperes m\u00e1s! Lleva tu negocio al siguiente nivel con nuestras soluciones de e-commerce.<\/p>\n<p>[\/et_pb_text][et_pb_button button_text=\u00bbCont\u00e1ctanos\u00bb button_alignment=\u00bbcenter\u00bb _builder_version=\u00bb4.24.3&#8243; _module_preset=\u00bb1bffc0fc-42a0-49d1-bd9a-ae3ade2d7206&#8243; button_bg_color=\u00bbgcid-secondary-color\u00bb hover_enabled=\u00bb0&#8243; locked=\u00bboff\u00bb global_colors_info=\u00bb{%22gcid-secondary-color%22:%91%22button_bg_color%22%93}\u00bb][\/et_pb_button][\/et_pb_column_inner][\/et_pb_row_inner][\/et_pb_column][\/et_pb_section][et_pb_section fb_built=\u00bb1&#8243; admin_label=\u00bbFeatures\u00bb _builder_version=\u00bb4.24.2&#8243; _module_preset=\u00bb8363d3a1-7f13-4aae-8984-26124f93e21c\u00bb hover_enabled=\u00bb0&#8243; locked=\u00bboff\u00bb template_type=\u00bbsection\u00bb collapsed=\u00bbon\u00bb global_colors_info=\u00bb{%22gcid-36fd78a7-34bc-404d-873c-dafa34efaae5%22:%91%22colorStart%22%93}\u00bb][et_pb_row _builder_version=\u00bb4.18.0&#8243; _module_preset=\u00bb5138c454-be54-4233-bd3b-f8e6a8747976&#8243; hover_enabled=\u00bb0&#8243; global_colors_info=\u00bb{}\u00bb][et_pb_column type=\u00bb4_4&#8243; _builder_version=\u00bb4.16&#8243; _module_preset=\u00bb73121f80-a3ef-4484-8763-c3f18e3c56d2&#8243; hover_enabled=\u00bb0&#8243; global_colors_info=\u00bb{}\u00bb][et_pb_heading title=\u00bbCaracter\u00edsticas de Nuestros Servicios\u00bb _builder_version=\u00bb4.24.2&#8243; _module_preset=\u00bbc33f07d9-41e0-421a-8799-5799df695cce\u00bb title_text_align=\u00bbcenter\u00bb title_text_color=\u00bb#FFFFFF\u00bb hover_enabled=\u00bb0&#8243; locked=\u00bboff\u00bb global_colors_info=\u00bb{}\u00bb][\/et_pb_heading][\/et_pb_column][\/et_pb_row][et_pb_row column_structure=\u00bb1_3,1_3,1_3&#8243; _builder_version=\u00bb4.24.3&#8243; _module_preset=\u00bb5138c454-be54-4233-bd3b-f8e6a8747976&#8243; hover_enabled=\u00bb0&#8243; global_colors_info=\u00bb{}\u00bb][et_pb_column type=\u00bb1_3&#8243; _builder_version=\u00bb4.24.3&#8243; _module_preset=\u00bb50607da8-57bc-4d4b-aaef-f02e41c2cc4a\u00bb background_color=\u00bb#ffffff\u00bb custom_padding_phone=\u00bb20px|20px|20px|20px|true|true\u00bb custom_padding_last_edited=\u00bboff|desktop\u00bb hover_enabled=\u00bb0&#8243; global_colors_info=\u00bb{%22gcid-7cadd8b3-5228-48e4-90c4-212d09232f7b%22:%91%22color%22%93}\u00bb][et_pb_blurb title=\u00bbDise\u00f1o Personalizado\u00bb image=\u00bbhttps:\/\/agencia.juanroman.es\/wp-content\/uploads\/2024\/08\/0-b70a99db-643c-43ef-a7a4-80cd058c3fa0-800&#215;600.jpg\u00bb _builder_version=\u00bb4.24.3&#8243; _module_preset=\u00bb203c76fc-aee0-4484-9be1-f0e2ebd81a8f\u00bb hover_enabled=\u00bb0&#8243; locked=\u00bboff\u00bb global_colors_info=\u00bb{%22gcid-heading-color%22:%91%22header_text_color%22,%22header_text_color%22,%22header_text_color%22,%22header_text_color%22,%22header_text_color%22%93,%22gcid-primary-color%22:%91%22icon_color%22%93}\u00bb]<\/p>\n<p>Creamos tiendas en l\u00ednea \u00fanicas que reflejan la identidad de tu marca y atraen a tus clientes.<\/p>\n<p>[\/et_pb_blurb][et_pb_button button_text=\u00bbVer M\u00e1s\u00bb _builder_version=\u00bb4.23&#8243; _module_preset=\u00bb1bffc0fc-42a0-49d1-bd9a-ae3ade2d7206&#8243; hover_enabled=\u00bb0&#8243; locked=\u00bboff\u00bb global_colors_info=\u00bb{%22gcid-36fd78a7-34bc-404d-873c-dafa34efaae5%22:%91%22button_text_color%22%93}\u00bb][\/et_pb_button][\/et_pb_column][et_pb_column type=\u00bb1_3&#8243; _builder_version=\u00bb4.24.3&#8243; _module_preset=\u00bb50607da8-57bc-4d4b-aaef-f02e41c2cc4a\u00bb hover_enabled=\u00bb0&#8243; global_colors_info=\u00bb{%22gcid-7cadd8b3-5228-48e4-90c4-212d09232f7b%22:%91%22color%22%93}\u00bb][et_pb_blurb title=\u00bbIntegraci\u00f3n de Pagos\u00bb image=\u00bbhttps:\/\/agencia.juanroman.es\/wp-content\/uploads\/2024\/08\/0-e3ef5dc4-a0d0-475e-8d96-da27c3ac8ebf-800&#215;600.jpg\u00bb _builder_version=\u00bb4.24.3&#8243; _module_preset=\u00bb203c76fc-aee0-4484-9be1-f0e2ebd81a8f\u00bb hover_enabled=\u00bb0&#8243; locked=\u00bboff\u00bb global_colors_info=\u00bb{%22gcid-heading-color%22:%91%22header_text_color%22,%22header_text_color%22,%22header_text_color%22,%22header_text_color%22,%22header_text_color%22%93,%22gcid-body-color%22:%91%22body_text_color%22,%22body_text_color%22,%22body_text_color%22,%22body_text_color%22,%22body_text_color%22%93,%22gcid-primary-color%22:%91%22icon_color%22%93}\u00bb]<\/p>\n<p>Facilitamos m\u00faltiples opciones de pago seguras para mejorar la experiencia de compra de tus clientes.<\/p>\n<p>[\/et_pb_blurb][et_pb_button button_text=\u00bbVer M\u00e1s\u00bb _builder_version=\u00bb4.23&#8243; _module_preset=\u00bb1bffc0fc-42a0-49d1-bd9a-ae3ade2d7206&#8243; hover_enabled=\u00bb0&#8243; locked=\u00bboff\u00bb global_colors_info=\u00bb{%22gcid-36fd78a7-34bc-404d-873c-dafa34efaae5%22:%91%22button_text_color%22%93}\u00bb][\/et_pb_button][\/et_pb_column][et_pb_column type=\u00bb1_3&#8243; _builder_version=\u00bb4.24.3&#8243; _module_preset=\u00bb50607da8-57bc-4d4b-aaef-f02e41c2cc4a\u00bb hover_enabled=\u00bb0&#8243; global_colors_info=\u00bb{%22gcid-7cadd8b3-5228-48e4-90c4-212d09232f7b%22:%91%22color%22%93}\u00bb][et_pb_blurb title=\u00bbGesti\u00f3n de Inventario\u00bb image=\u00bbhttps:\/\/agencia.juanroman.es\/wp-content\/uploads\/2024\/08\/0-d7973cfe-56f4-471d-a8e5-ccb2461f8c30-800&#215;600.jpg\u00bb _builder_version=\u00bb4.24.3&#8243; _module_preset=\u00bb203c76fc-aee0-4484-9be1-f0e2ebd81a8f\u00bb hover_enabled=\u00bb0&#8243; locked=\u00bboff\u00bb global_colors_info=\u00bb{%22gcid-heading-color%22:%91%22header_text_color%22,%22header_text_color%22,%22header_text_color%22,%22header_text_color%22,%22header_text_color%22%93,%22gcid-body-color%22:%91%22body_text_color%22,%22body_text_color%22,%22body_text_color%22,%22body_text_color%22,%22body_text_color%22%93,%22gcid-primary-color%22:%91%22icon_color%22%93}\u00bb]<\/p>\n<p>Optimiza la administraci\u00f3n de tus productos con nuestras herramientas avanzadas de gesti\u00f3n de inventario.<\/p>\n<p>[\/et_pb_blurb][et_pb_button button_text=\u00bbVer M\u00e1s\u00bb _builder_version=\u00bb4.23&#8243; _module_preset=\u00bb1bffc0fc-42a0-49d1-bd9a-ae3ade2d7206&#8243; hover_enabled=\u00bb0&#8243; locked=\u00bboff\u00bb global_colors_info=\u00bb{%22gcid-36fd78a7-34bc-404d-873c-dafa34efaae5%22:%91%22button_text_color%22%93}\u00bb][\/et_pb_button][\/et_pb_column][\/et_pb_row][\/et_pb_section][et_pb_section fb_built=\u00bb1&#8243; admin_label=\u00bbText &#038; Image\u00bb _builder_version=\u00bb4.17.6&#8243; _module_preset=\u00bbdefault\u00bb hover_enabled=\u00bb0&#8243; locked=\u00bboff\u00bb template_type=\u00bbsection\u00bb collapsed=\u00bbon\u00bb global_colors_info=\u00bb{}\u00bb][et_pb_row column_structure=\u00bb1_3,2_3&#8243; _builder_version=\u00bb4.17.6&#8243; _module_preset=\u00bb5138c454-be54-4233-bd3b-f8e6a8747976&#8243; hover_enabled=\u00bb0&#8243; global_colors_info=\u00bb{}\u00bb][et_pb_column type=\u00bb1_3&#8243; _builder_version=\u00bb4.16&#8243; _module_preset=\u00bb73121f80-a3ef-4484-8763-c3f18e3c56d2&#8243; hover_enabled=\u00bb0&#8243; global_colors_info=\u00bb{}\u00bb][et_pb_heading title=\u00bbBeneficios de Trabajar con Nosotros\u00bb _builder_version=\u00bb4.24.3&#8243; _module_preset=\u00bbba4a6336-701f-47b8-bf5c-09da0ce28016&#8243; hover_enabled=\u00bb0&#8243; locked=\u00bboff\u00bb global_colors_info=\u00bb{}\u00bb][\/et_pb_heading][et_pb_text _builder_version=\u00bb4.24.3&#8243; _module_preset=\u00bb2c55a9c4-feed-423b-9edb-ae0b5b365cac\u00bb hover_enabled=\u00bb0&#8243; global_colors_info=\u00bb{}\u00bb]<\/p>\n<p>Al elegir a Juan Rom\u00e1n, no solo obtienes una tienda en l\u00ednea, sino una plataforma optimizada para aumentar tus ventas, mejorar la experiencia del cliente y posicionarte mejor en los motores de b\u00fasqueda. Nuestro equipo de expertos se dedica a ofrecer soluciones personalizadas que se adaptan a las necesidades espec\u00edficas de tu negocio, asegurando que cada aspecto de tu tienda en l\u00ednea funcione de manera eficiente y efectiva.<\/p>\n<p>[\/et_pb_text][\/et_pb_column][et_pb_column type=\u00bb2_3&#8243; _builder_version=\u00bb4.16&#8243; _module_preset=\u00bb73121f80-a3ef-4484-8763-c3f18e3c56d2&#8243; hover_enabled=\u00bb0&#8243; global_colors_info=\u00bb{}\u00bb][et_pb_image src=\u00bbhttps:\/\/agencia.juanroman.es\/wp-content\/uploads\/2024\/08\/0-0b80eda8-73f2-4f86-b918-5b98a95a68cf-800&#215;600.jpg\u00bb title_text=\u00bb800&#215;600&#8243; _builder_version=\u00bb4.24.3&#8243; _module_preset=\u00bb6ed8fd5c-62c5-4100-98c3-7b8b6d2c2ee6&#8243; hover_enabled=\u00bb0&#8243; locked=\u00bboff\u00bb global_colors_info=\u00bb{}\u00bb][\/et_pb_image][\/et_pb_column][\/et_pb_row][\/et_pb_section][et_pb_section fb_built=\u00bb1&#8243; admin_label=\u00bbTestimonials\u00bb _builder_version=\u00bb4.17.6&#8243; _module_preset=\u00bbdefault\u00bb hover_enabled=\u00bb0&#8243; locked=\u00bboff\u00bb template_type=\u00bbsection\u00bb collapsed=\u00bbon\u00bb global_colors_info=\u00bb{}\u00bb][et_pb_row _builder_version=\u00bb4.17.6&#8243; _module_preset=\u00bb5138c454-be54-4233-bd3b-f8e6a8747976&#8243; hover_enabled=\u00bb0&#8243; global_colors_info=\u00bb{}\u00bb][et_pb_column type=\u00bb4_4&#8243; _builder_version=\u00bb4.16&#8243; _module_preset=\u00bb73121f80-a3ef-4484-8763-c3f18e3c56d2&#8243; hover_enabled=\u00bb0&#8243; global_colors_info=\u00bb{}\u00bb][et_pb_heading title=\u00bbLo que dicen nuestros clientes\u00bb _builder_version=\u00bb4.24.3&#8243; _module_preset=\u00bbc33f07d9-41e0-421a-8799-5799df695cce\u00bb hover_enabled=\u00bb0&#8243; locked=\u00bboff\u00bb global_colors_info=\u00bb{}\u00bb][\/et_pb_heading][\/et_pb_column][\/et_pb_row][et_pb_row column_structure=\u00bb1_2,1_2&#8243; _builder_version=\u00bb4.24.3&#8243; _module_preset=\u00bb5138c454-be54-4233-bd3b-f8e6a8747976&#8243; hover_enabled=\u00bb0&#8243; global_colors_info=\u00bb{}\u00bb][et_pb_column type=\u00bb1_2&#8243; _builder_version=\u00bb4.24.3&#8243; _module_preset=\u00bb73121f80-a3ef-4484-8763-c3f18e3c56d2&#8243; hover_enabled=\u00bb0&#8243; global_colors_info=\u00bb{}\u00bb][et_pb_testimonial author=\u00bbAna Mart\u00ednez\u00bb module_class=\u00bbai_ignore_font_icon\u00bb _builder_version=\u00bb4.24.3&#8243; _module_preset=\u00bb92d621dc-61cf-4898-af8d-b1d4c267456b\u00bb custom_margin=\u00bb||50px||false|false\u00bb hover_enabled=\u00bb0&#8243; locked=\u00bboff\u00bb global_colors_info=\u00bb{%22gcid-36fd78a7-34bc-404d-873c-dafa34efaae5%22:%91%22icon_color%22,%22icon_color%22,%22icon_color%22,%22icon_color%22,%22icon_color%22,%22icon_color%22,%22icon_color%22,%22icon_color%22,%22icon_color%22,%22icon_color%22,%22icon_color%22,%22icon_color%22,%22icon_color%22,%22icon_color%22,%22icon_color%22,%22icon_color%22%93}\u00bb text_font_size_tablet=\u00bb16px\u00bb text_font_size_phone=\u00bb14px\u00bb text_font_size_last_edited=\u00bbon|phone\u00bb]<\/p>\n<p>Gracias a Juan Rom\u00e1n, nuestra tienda en l\u00ednea ha visto un aumento del 50% en las ventas. Su equipo es incre\u00edblemente profesional y atento a nuestras necesidades.<\/p>\n<p>[\/et_pb_testimonial][et_pb_testimonial author=\u00bbCarlos L\u00f3pez\u00bb module_class=\u00bbai_ignore_font_icon\u00bb _builder_version=\u00bb4.24.3&#8243; _module_preset=\u00bb92d621dc-61cf-4898-af8d-b1d4c267456b\u00bb custom_margin=\u00bb||50px||false|false\u00bb hover_enabled=\u00bb0&#8243; locked=\u00bboff\u00bb global_colors_info=\u00bb{%22gcid-36fd78a7-34bc-404d-873c-dafa34efaae5%22:%91%22icon_color%22,%22icon_color%22,%22icon_color%22,%22icon_color%22,%22icon_color%22,%22icon_color%22,%22icon_color%22,%22icon_color%22,%22icon_color%22,%22icon_color%22,%22icon_color%22,%22icon_color%22,%22icon_color%22,%22icon_color%22,%22icon_color%22,%22icon_color%22,%22icon_color%22,%22icon_color%22,%22icon_color%22,%22icon_color%22,%22icon_color%22,%22icon_color%22,%22icon_color%22,%22icon_color%22,%22icon_color%22,%22icon_color%22,%22icon_color%22,%22icon_color%22,%22icon_color%22,%22icon_color%22,%22icon_color%22,%22icon_color%22%93}\u00bb text_font_size_tablet=\u00bb16px\u00bb text_font_size_phone=\u00bb14px\u00bb text_font_size_last_edited=\u00bbon|phone\u00bb]<\/p>\n<p>La optimizaci\u00f3n SEO que realizaron ha llevado nuestro sitio a los primeros resultados de b\u00fasqueda. No podr\u00edamos estar m\u00e1s satisfechos con los resultados.<\/p>\n<p>[\/et_pb_testimonial][\/et_pb_column][et_pb_column type=\u00bb1_2&#8243; _builder_version=\u00bb4.16&#8243; _module_preset=\u00bb73121f80-a3ef-4484-8763-c3f18e3c56d2&#8243; hover_enabled=\u00bb0&#8243; global_colors_info=\u00bb{}\u00bb][et_pb_testimonial author=\u00bbMar\u00eda Fern\u00e1ndez\u00bb module_class=\u00bbai_ignore_font_icon\u00bb _builder_version=\u00bb4.24.3&#8243; _module_preset=\u00bb92d621dc-61cf-4898-af8d-b1d4c267456b\u00bb custom_margin=\u00bb||50px||false|false\u00bb hover_enabled=\u00bb0&#8243; locked=\u00bboff\u00bb global_colors_info=\u00bb{%22gcid-36fd78a7-34bc-404d-873c-dafa34efaae5%22:%91%22icon_color%22,%22icon_color%22,%22icon_color%22,%22icon_color%22,%22icon_color%22,%22icon_color%22,%22icon_color%22,%22icon_color%22,%22icon_color%22,%22icon_color%22,%22icon_color%22,%22icon_color%22,%22icon_color%22,%22icon_color%22,%22icon_color%22,%22icon_color%22,%22icon_color%22,%22icon_color%22,%22icon_color%22,%22icon_color%22,%22icon_color%22,%22icon_color%22,%22icon_color%22,%22icon_color%22%93}\u00bb text_font_size_tablet=\u00bb16px\u00bb text_font_size_phone=\u00bb14px\u00bb text_font_size_last_edited=\u00bbon|phone\u00bb]<\/p>\n<p>El proceso de implementaci\u00f3n fue fluido y sin contratiempos. Ahora tenemos una tienda en l\u00ednea que no solo es funcional, sino tambi\u00e9n visualmente atractiva.<\/p>\n<p>[\/et_pb_testimonial][et_pb_testimonial author=\u00bbJorge Ram\u00edrez\u00bb module_class=\u00bbai_ignore_font_icon\u00bb _builder_version=\u00bb4.24.3&#8243; _module_preset=\u00bb92d621dc-61cf-4898-af8d-b1d4c267456b\u00bb custom_margin=\u00bb||50px||false|false\u00bb hover_enabled=\u00bb0&#8243; locked=\u00bboff\u00bb global_colors_info=\u00bb{%22gcid-36fd78a7-34bc-404d-873c-dafa34efaae5%22:%91%22icon_color%22,%22icon_color%22,%22icon_color%22,%22icon_color%22,%22icon_color%22,%22icon_color%22,%22icon_color%22,%22icon_color%22,%22icon_color%22,%22icon_color%22,%22icon_color%22,%22icon_color%22,%22icon_color%22,%22icon_color%22,%22icon_color%22,%22icon_color%22,%22icon_color%22,%22icon_color%22,%22icon_color%22,%22icon_color%22,%22icon_color%22,%22icon_color%22,%22icon_color%22,%22icon_color%22%93}\u00bb text_font_size_tablet=\u00bb16px\u00bb text_font_size_phone=\u00bb14px\u00bb text_font_size_last_edited=\u00bbon|phone\u00bb]<\/p>\n<p>Juan Rom\u00e1n transform\u00f3 nuestra visi\u00f3n en realidad. Su enfoque creativo y t\u00e9cnico nos ha permitido alcanzar nuevos mercados y clientes.<\/p>\n<p>[\/et_pb_testimonial][\/et_pb_column][\/et_pb_row][\/et_pb_section][et_pb_section fb_built=\u00bb1&#8243; admin_label=\u00bbHow It Works\u00bb _builder_version=\u00bb4.25.1&#8243; _module_preset=\u00bbdefault\u00bb hover_enabled=\u00bb0&#8243; template_type=\u00bbsection\u00bb collapsed=\u00bbon\u00bb global_colors_info=\u00bb{}\u00bb][et_pb_row column_structure=\u00bb3_4,1_4&#8243; _builder_version=\u00bb4.25.1&#8243; _module_preset=\u00bbdefault\u00bb hover_enabled=\u00bb0&#8243; locked=\u00bboff\u00bb global_colors_info=\u00bb{}\u00bb][et_pb_column type=\u00bb3_4&#8243; _builder_version=\u00bb4.25.1&#8243; _module_preset=\u00bbdefault\u00bb hover_enabled=\u00bb0&#8243; global_colors_info=\u00bb{}\u00bb][et_pb_heading title=\u00bbC\u00f3mo Funciona\u00bb _builder_version=\u00bb4.25.1&#8243; _module_preset=\u00bbc33f07d9-41e0-421a-8799-5799df695cce\u00bb hover_enabled=\u00bb0&#8243; global_colors_info=\u00bb{}\u00bb][\/et_pb_heading][\/et_pb_column][et_pb_column type=\u00bb1_4&#8243; _builder_version=\u00bb4.25.1&#8243; _module_preset=\u00bbdefault\u00bb hover_enabled=\u00bb0&#8243; global_colors_info=\u00bb{}\u00bb][et_pb_button button_text=\u00bbDescubre M\u00e1s\u00bb _builder_version=\u00bb4.25.1&#8243; _module_preset=\u00bb1bffc0fc-42a0-49d1-bd9a-ae3ade2d7206&#8243; hover_enabled=\u00bb0&#8243; global_colors_info=\u00bb{}\u00bb][\/et_pb_button][\/et_pb_column][\/et_pb_row][et_pb_row column_structure=\u00bb1_3,1_3,1_3&#8243; _builder_version=\u00bb4.25.1&#8243; _module_preset=\u00bbdefault\u00bb hover_enabled=\u00bb0&#8243; global_colors_info=\u00bb{}\u00bb][et_pb_column type=\u00bb1_3&#8243; _builder_version=\u00bb4.25.1&#8243; _module_preset=\u00bbdefault\u00bb hover_enabled=\u00bb0&#8243; global_colors_info=\u00bb{}\u00bb][et_pb_heading title=\u00bbStep 1&#8243; module_class=\u00bbai_ignore_all\u00bb _builder_version=\u00bb4.25.1&#8243; _module_preset=\u00bb8c21dae4-c59d-4c2b-958c-0e045c7f06d6&#8243; hover_enabled=\u00bb0&#8243; locked=\u00bboff\u00bb global_colors_info=\u00bb{}\u00bb][\/et_pb_heading][et_pb_text _builder_version=\u00bb4.25.1&#8243; _module_preset=\u00bb2c55a9c4-feed-423b-9edb-ae0b5b365cac\u00bb hover_enabled=\u00bb0&#8243; locked=\u00bboff\u00bb global_colors_info=\u00bb{}\u00bb]Nuestro proceso comienza con una consulta detallada para entender tus necesidades y objetivos. A partir de ah\u00ed, desarrollamos una estrategia personalizada.[\/et_pb_text][\/et_pb_column][et_pb_column type=\u00bb1_3&#8243; _builder_version=\u00bb4.25.1&#8243; _module_preset=\u00bbdefault\u00bb hover_enabled=\u00bb0&#8243; global_colors_info=\u00bb{}\u00bb][et_pb_heading title=\u00bbStep 2&#8243; module_class=\u00bbai_ignore_all\u00bb _builder_version=\u00bb4.25.1&#8243; _module_preset=\u00bb8c21dae4-c59d-4c2b-958c-0e045c7f06d6&#8243; hover_enabled=\u00bb0&#8243; locked=\u00bboff\u00bb global_colors_info=\u00bb{}\u00bb][\/et_pb_heading][et_pb_text _builder_version=\u00bb4.25.1&#8243; _module_preset=\u00bb2c55a9c4-feed-423b-9edb-ae0b5b365cac\u00bb hover_enabled=\u00bb0&#8243; locked=\u00bboff\u00bb global_colors_info=\u00bb{}\u00bb]Luego, nuestro equipo de expertos dise\u00f1a y desarrolla tu tienda en l\u00ednea, asegurando que sea atractiva y f\u00e1cil de usar para tus clientes.[\/et_pb_text][\/et_pb_column][et_pb_column type=\u00bb1_3&#8243; _builder_version=\u00bb4.25.1&#8243; _module_preset=\u00bbdefault\u00bb hover_enabled=\u00bb0&#8243; global_colors_info=\u00bb{}\u00bb][et_pb_heading title=\u00bbStep 3&#8243; module_class=\u00bbai_ignore_all\u00bb _builder_version=\u00bb4.25.1&#8243; _module_preset=\u00bb8c21dae4-c59d-4c2b-958c-0e045c7f06d6&#8243; hover_enabled=\u00bb0&#8243; locked=\u00bboff\u00bb global_colors_info=\u00bb{}\u00bb][\/et_pb_heading][et_pb_text _builder_version=\u00bb4.25.1&#8243; _module_preset=\u00bb2c55a9c4-feed-423b-9edb-ae0b5b365cac\u00bb hover_enabled=\u00bb0&#8243; locked=\u00bboff\u00bb global_colors_info=\u00bb{}\u00bb]Finalmente, optimizamos tu sitio para motores de b\u00fasqueda y te brindamos soporte continuo para garantizar tu \u00e9xito a largo plazo.[\/et_pb_text][\/et_pb_column][\/et_pb_row][\/et_pb_section][et_pb_section fb_built=\u00bb1&#8243; admin_label=\u00bbCall to Action\u00bb _builder_version=\u00bb4.23.1&#8243; _module_preset=\u00bbdefault\u00bb use_background_color_gradient=\u00bbon\u00bb background_color_gradient_stops=\u00bbrgba(0,0,0,0.75) 0%|rgba(0,0,0,0.75) 100%\u00bb background_color_gradient_overlays_image=\u00bbon\u00bb background_image=\u00bbhttps:\/\/agencia.juanroman.es\/wp-content\/uploads\/2024\/08\/0-b2237224-0356-4487-8983-c446738e362f-1920&#215;1080.jpg\u00bb custom_padding=\u00bb8vw||8vw||true|false\u00bb hover_enabled=\u00bb0&#8243; locked=\u00bboff\u00bb template_type=\u00bbsection\u00bb collapsed=\u00bbon\u00bb global_colors_info=\u00bb{%22gcid-36fd78a7-34bc-404d-873c-dafa34efaae5%22:%91%22button_text_color%22%93}\u00bb][et_pb_row _builder_version=\u00bb4.23.1&#8243; _module_preset=\u00bb5138c454-be54-4233-bd3b-f8e6a8747976&#8243; width=\u00bb70%\u00bb max_width=\u00bbnone\u00bb hover_enabled=\u00bb0&#8243; global_colors_info=\u00bb{}\u00bb][et_pb_column type=\u00bb4_4&#8243; _builder_version=\u00bb4.17.6&#8243; _module_preset=\u00bb73121f80-a3ef-4484-8763-c3f18e3c56d2&#8243; hover_enabled=\u00bb0&#8243; global_colors_info=\u00bb{}\u00bb][et_pb_heading title=\u00bb\u00bfListo para llevar tu negocio al siguiente nivel?\u00bb _builder_version=\u00bb4.24.2&#8243; _module_preset=\u00bbddeb8c09-9078-4424-bc15-2efb6572e28e\u00bb title_text_align=\u00bbcenter\u00bb title_text_color=\u00bb#FFFFFF\u00bb hover_enabled=\u00bb0&#8243; global_colors_info=\u00bb{}\u00bb][\/et_pb_heading][et_pb_button button_text=\u00bbCont\u00e1ctanos Hoy\u00bb button_alignment=\u00bbcenter\u00bb _builder_version=\u00bb4.24.3&#8243; _module_preset=\u00bbab15fb74-61a3-43aa-96b3-41e09aeef654&#8243; hover_enabled=\u00bb0&#8243; locked=\u00bboff\u00bb global_colors_info=\u00bb{}\u00bb][\/et_pb_button][\/et_pb_column][\/et_pb_row][\/et_pb_section]<\/p>\n","protected":false},"excerpt":{"rendered":"<p>En Juan Rom\u00e1n, ayudamos a las empresas a establecer y optimizar sus tiendas en l\u00ednea para maximizar su potencial de ventas y crecimiento.\u00a1No esperes m\u00e1s! Lleva tu negocio al siguiente nivel con nuestras soluciones de e-commerce.Creamos tiendas en l\u00ednea \u00fanicas que reflejan la identidad de tu marca y atraen a tus clientes.Facilitamos m\u00faltiples opciones de [&hellip;]<\/p>\n","protected":false},"author":1,"featured_media":0,"parent":0,"menu_order":0,"comment_status":"closed","ping_status":"closed","template":"","meta":{"_et_pb_use_builder":"on","_et_pb_old_content":"","_et_gb_content_width":"","footnotes":""},"class_list":["post-237","page","type-page","status-publish","hentry"],"_links":{"self":[{"href":"https:\/\/agencia.juanroman.es\/index.php\/wp-json\/wp\/v2\/pages\/237","targetHints":{"allow":["GET"]}}],"collection":[{"href":"https:\/\/agencia.juanroman.es\/index.php\/wp-json\/wp\/v2\/pages"}],"about":[{"href":"https:\/\/agencia.juanroman.es\/index.php\/wp-json\/wp\/v2\/types\/page"}],"author":[{"embeddable":true,"href":"https:\/\/agencia.juanroman.es\/index.php\/wp-json\/wp\/v2\/users\/1"}],"replies":[{"embeddable":true,"href":"https:\/\/agencia.juanroman.es\/index.php\/wp-json\/wp\/v2\/comments?post=237"}],"version-history":[{"count":1,"href":"https:\/\/agencia.juanroman.es\/index.php\/wp-json\/wp\/v2\/pages\/237\/revisions"}],"predecessor-version":[{"id":275,"href":"https:\/\/agencia.juanroman.es\/index.php\/wp-json\/wp\/v2\/pages\/237\/revisions\/275"}],"wp:attachment":[{"href":"https:\/\/agencia.juanroman.es\/index.php\/wp-json\/wp\/v2\/media?parent=237"}],"curies":[{"name":"wp","href":"https:\/\/api.w.org\/{rel}","templated":true}]}}