{"id":243,"date":"2024-08-24T00:11:35","date_gmt":"2024-08-24T00:11:35","guid":{"rendered":"https:\/\/agencia.juanroman.es\/?page_id=243"},"modified":"2024-08-24T00:11:35","modified_gmt":"2024-08-24T00:11:35","slug":"blog","status":"publish","type":"page","link":"https:\/\/agencia.juanroman.es\/index.php\/blog\/","title":{"rendered":"Blog"},"content":{"rendered":"<p>[et_pb_section fb_built=\u00bb1&#8243; admin_label=\u00bbHero\u00bb _builder_version=\u00bb4.24.3&#8243; _module_preset=\u00bb_module_preset=\u00bb background_image=\u00bbdata:image\/svg+xml;base64,PHN2ZyB3aWR0aD0iMTA4MCIgaGVpZ2h0PSI1NDAiIHZpZXdCb3g9IjAgMCAxMDgwIDU0MCIgeG1sbnM9Imh0dHA6Ly93d3cudzMub3JnLzIwMDAvc3ZnIj4KICAgIDxnIGZpbGw9Im5vbmUiIGZpbGwtcnVsZT0iZXZlbm9kZCI+CiAgICAgICAgPHBhdGggZmlsbD0iI0VCRUJFQiIgZD0iTTAgMGgxMDgwdjU0MEgweiIvPgogICAgICAgIDxwYXRoIGQ9Ik00NDUuNjQ5IDU0MGgtOTguOTk1TDE0NC42NDkgMzM3Ljk5NSAwIDQ4Mi42NDR2LTk4Ljk5NWwxMTYuMzY1LTExNi4zNjVjMTUuNjItMTUuNjIgNDAuOTQ3LTE1LjYyIDU2LjU2OCAwTDQ0NS42NSA1NDB6IiBmaWxsLW9wYWNpdHk9Ii4xIiBmaWxsPSIjMDAwIiBmaWxsLXJ1bGU9Im5vbnplcm8iLz4KICAgICAgICA8Y2lyY2xlIGZpbGwtb3BhY2l0eT0iLjA1IiBmaWxsPSIjMDAwIiBjeD0iMzMxIiBjeT0iMTQ4IiByPSI3MCIvPgogICAgICAgIDxwYXRoIGQ9Ik0xMDgwIDM3OXYxMTMuMTM3TDcyOC4xNjIgMTQwLjMgMzI4LjQ2MiA1NDBIMjE1LjMyNEw2OTkuODc4IDU1LjQ0NmMxNS42Mi0xNS42MiA0MC45NDgtMTUuNjIgNTYuNTY4IDBMMTA4MCAzNzl6IiBmaWxsLW9wYWNpdHk9Ii4yIiBmaWxsPSIjMDAwIiBmaWxsLXJ1bGU9Im5vbnplcm8iLz4KICAgIDwvZz4KPC9zdmc+Cg==\u00bb custom_padding=\u00bb0px||0px||true|false\u00bb hover_enabled=\u00bb0&#8243; locked=\u00bboff\u00bb template_type=\u00bbsection\u00bb collapsed=\u00bbon\u00bb global_colors_info=\u00bb{}\u00bb][et_pb_row column_structure=\u00bb1_2,1_2&#8243; make_equal=\u00bbon\u00bb _builder_version=\u00bb4.25.2&#8243; _module_preset=\u00bb5138c454-be54-4233-bd3b-f8e6a8747976&#8243; custom_padding=\u00bb0px||0px||true|false\u00bb hover_enabled=\u00bb0&#8243; box_shadow_style=\u00bbpreset4&#8243; box_shadow_horizontal=\u00bb-30vw\u00bb box_shadow_vertical=\u00bb0px\u00bb box_shadow_color=\u00bb#FFFFFF\u00bb global_colors_info=\u00bb{}\u00bb][et_pb_column type=\u00bb1_2&#8243; _builder_version=\u00bb4.23.1&#8243; _module_preset=\u00bb73121f80-a3ef-4484-8763-c3f18e3c56d2&#8243; background_color=\u00bb#FFFFFF\u00bb custom_padding=\u00bb22%||22%||true|false\u00bb hover_enabled=\u00bb0&#8243; box_shadow_style=\u00bbpreset4&#8243; box_shadow_horizontal=\u00bb200px\u00bb box_shadow_vertical=\u00bb0px\u00bb box_shadow_color=\u00bb#FFFFFF\u00bb global_colors_info=\u00bb{}\u00bb][et_pb_heading title=\u00bbExplora el Mundo del Dise\u00f1o y Desarrollo Web\u00bb _builder_version=\u00bb4.24.2&#8243; _module_preset=\u00bbf0c675ea-2574-4d0e-b725-30f8550a8550&#8243; title_text_color=\u00bbgcid-primary-color\u00bb hover_enabled=\u00bb0&#8243; locked=\u00bboff\u00bb global_colors_info=\u00bb{%22gcid-primary-color%22:%91%22title_text_color%22%93}\u00bb][\/et_pb_heading][et_pb_heading title=\u00bbBienvenido al Blog de Juan Rom\u00e1n\u00bb _builder_version=\u00bb4.24.2&#8243; _module_preset=\u00bbddeb8c09-9078-4424-bc15-2efb6572e28e\u00bb hover_enabled=\u00bb0&#8243; locked=\u00bboff\u00bb global_colors_info=\u00bb{}\u00bb][\/et_pb_heading][et_pb_text _builder_version=\u00bb4.24.2&#8243; _module_preset=\u00bb2c55a9c4-feed-423b-9edb-ae0b5b365cac\u00bb hover_enabled=\u00bb0&#8243; locked=\u00bboff\u00bb global_colors_info=\u00bb{}\u00bb]<\/p>\n<p>Descubre art\u00edculos, consejos y novedades sobre dise\u00f1o y desarrollo web. Mantente al d\u00eda con las \u00faltimas tendencias y mejores pr\u00e1cticas de la industria.<\/p>\n<p>[\/et_pb_text][et_pb_button button_text=\u00bbLeer M\u00e1s\u00bb _builder_version=\u00bb4.23.1&#8243; _module_preset=\u00bb1bffc0fc-42a0-49d1-bd9a-ae3ade2d7206&#8243; hover_enabled=\u00bb0&#8243; locked=\u00bboff\u00bb global_colors_info=\u00bb{}\u00bb][\/et_pb_button][\/et_pb_column][et_pb_column type=\u00bb1_2&#8243; _builder_version=\u00bb4.24.3&#8243; _module_preset=\u00bb73121f80-a3ef-4484-8763-c3f18e3c56d2&#8243; custom_padding=\u00bb8%||8%||false|false\u00bb custom_padding_tablet=\u00bb||8%|8%|false|false\u00bb custom_padding_phone=\u00bb0%||8%||false|false\u00bb custom_padding_last_edited=\u00bbon|tablet\u00bb hover_enabled=\u00bb0&#8243; global_colors_info=\u00bb{}\u00bb][et_pb_image src=\u00bbhttps:\/\/agencia.juanroman.es\/wp-content\/uploads\/2024\/08\/0-f9605311-8cc3-4de1-9c39-d0cba00ce44f-800&#215;1080.jpg\u00bb title_text=\u00bb800&#215;1080&#8243; _builder_version=\u00bb4.25.2&#8243; _module_preset=\u00bb1cc6152f-565c-4c4d-b0c9-cf8c9576c341&#8243; custom_margin_tablet=\u00bb-9vw|||-3vw|false|false\u00bb custom_margin_phone=\u00bb-9vw|||-3vw|false|false\u00bb custom_margin_last_edited=\u00bboff|desktop\u00bb hover_enabled=\u00bb0&#8243; box_shadow_style=\u00bbpreset4&#8243; box_shadow_horizontal=\u00bb0px\u00bb box_shadow_vertical=\u00bb24px\u00bb box_shadow_blur=\u00bb72px\u00bb box_shadow_spread=\u00bb-12px\u00bb global_colors_info=\u00bb{}\u00bb][\/et_pb_image][\/et_pb_column][\/et_pb_row][\/et_pb_section][et_pb_section fb_built=\u00bb1&#8243; admin_label=\u00bbBlog\u00bb _builder_version=\u00bb4.18.0&#8243; _module_preset=\u00bbdefault\u00bb hover_enabled=\u00bb0&#8243; locked=\u00bboff\u00bb template_type=\u00bbsection\u00bb collapsed=\u00bbon\u00bb global_colors_info=\u00bb{}\u00bb][et_pb_row _builder_version=\u00bb4.18.0&#8243; _module_preset=\u00bb5138c454-be54-4233-bd3b-f8e6a8747976&#8243; hover_enabled=\u00bb0&#8243; global_colors_info=\u00bb{}\u00bb][et_pb_column type=\u00bb4_4&#8243; _builder_version=\u00bb4.16&#8243; _module_preset=\u00bb73121f80-a3ef-4484-8763-c3f18e3c56d2&#8243; hover_enabled=\u00bb0&#8243; global_colors_info=\u00bb{}\u00bb][et_pb_heading title=\u00bb\u00daltimos Art\u00edculos del Blog\u00bb _builder_version=\u00bb4.24.2&#8243; _module_preset=\u00bbc33f07d9-41e0-421a-8799-5799df695cce\u00bb hover_enabled=\u00bb0&#8243; locked=\u00bboff\u00bb global_colors_info=\u00bb{}\u00bb][\/et_pb_heading][et_pb_blog posts_number=\u00bb3&#8243; offset_number=\u00bb0&#8243; _builder_version=\u00bb4.23.1&#8243; _module_preset=\u00bb0348c28c-34b9-43d0-8c6e-c8db6c12d77f\u00bb hover_enabled=\u00bb0&#8243; global_colors_info=\u00bb{}\u00bb][\/et_pb_blog][\/et_pb_column][\/et_pb_row][\/et_pb_section][et_pb_section fb_built=\u00bb1&#8243; admin_label=\u00bbCategories\u00bb _builder_version=\u00bb4.25.1&#8243; _module_preset=\u00bbdefault\u00bb hover_enabled=\u00bb0&#8243; template_type=\u00bbsection\u00bb collapsed=\u00bbon\u00bb global_colors_info=\u00bb{}\u00bb][et_pb_row _builder_version=\u00bb4.25.1&#8243; _module_preset=\u00bbdefault\u00bb hover_enabled=\u00bb0&#8243; global_colors_info=\u00bb{}\u00bb][et_pb_column type=\u00bb4_4&#8243; _builder_version=\u00bb4.25.1&#8243; _module_preset=\u00bbdefault\u00bb hover_enabled=\u00bb0&#8243; global_colors_info=\u00bb{}\u00bb][et_pb_heading title=\u00bbCategor\u00edas del Blog\u00bb _builder_version=\u00bb4.25.1&#8243; _module_preset=\u00bbc33f07d9-41e0-421a-8799-5799df695cce\u00bb title_text_align=\u00bbcenter\u00bb hover_enabled=\u00bb0&#8243; global_colors_info=\u00bb{}\u00bb][\/et_pb_heading][\/et_pb_column][\/et_pb_row][et_pb_row column_structure=\u00bb1_6,1_6,1_6,1_6,1_6,1_6&#8243; use_custom_gutter=\u00bbon\u00bb gutter_width=\u00bb2&#8243; _builder_version=\u00bb4.25.2&#8243; _module_preset=\u00bbdefault\u00bb hover_enabled=\u00bb0&#8243; global_colors_info=\u00bb{}\u00bb][et_pb_column type=\u00bb1_6&#8243; _builder_version=\u00bb4.25.2&#8243; _module_preset=\u00bb50607da8-57bc-4d4b-aaef-f02e41c2cc4a\u00bb custom_padding=\u00bb30px|30px|20px|30px|false|true\u00bb hover_enabled=\u00bb0&#8243; global_colors_info=\u00bb{}\u00bb][et_pb_heading title=\u00bbDise\u00f1o Web\u00bb _builder_version=\u00bb4.25.1&#8243; _module_preset=\u00bbf0c675ea-2574-4d0e-b725-30f8550a8550&#8243; title_text_align=\u00bbcenter\u00bb custom_margin=\u00bb||0px||false|false\u00bb hover_enabled=\u00bb0&#8243; global_colors_info=\u00bb{}\u00bb][\/et_pb_heading][\/et_pb_column][et_pb_column type=\u00bb1_6&#8243; _builder_version=\u00bb4.25.1&#8243; _module_preset=\u00bb50607da8-57bc-4d4b-aaef-f02e41c2cc4a\u00bb custom_padding=\u00bb30px|30px|20px|30px|false|true\u00bb hover_enabled=\u00bb0&#8243; global_colors_info=\u00bb{}\u00bb][et_pb_heading title=\u00bbDesarrollo Web\u00bb _builder_version=\u00bb4.25.1&#8243; _module_preset=\u00bbf0c675ea-2574-4d0e-b725-30f8550a8550&#8243; title_text_align=\u00bbcenter\u00bb custom_margin=\u00bb||0px||false|false\u00bb hover_enabled=\u00bb0&#8243; global_colors_info=\u00bb{}\u00bb][\/et_pb_heading][\/et_pb_column][et_pb_column type=\u00bb1_6&#8243; _builder_version=\u00bb4.25.1&#8243; _module_preset=\u00bb50607da8-57bc-4d4b-aaef-f02e41c2cc4a\u00bb custom_padding=\u00bb30px|30px|20px|30px|false|true\u00bb hover_enabled=\u00bb0&#8243; global_colors_info=\u00bb{}\u00bb][et_pb_heading title=\u00bbSEO y Marketing\u00bb _builder_version=\u00bb4.25.1&#8243; _module_preset=\u00bbf0c675ea-2574-4d0e-b725-30f8550a8550&#8243; title_text_align=\u00bbcenter\u00bb custom_margin=\u00bb||0px||false|false\u00bb hover_enabled=\u00bb0&#8243; global_colors_info=\u00bb{}\u00bb][\/et_pb_heading][\/et_pb_column][et_pb_column type=\u00bb1_6&#8243; _builder_version=\u00bb4.25.1&#8243; _module_preset=\u00bb50607da8-57bc-4d4b-aaef-f02e41c2cc4a\u00bb custom_padding=\u00bb30px|30px|20px|30px|false|true\u00bb hover_enabled=\u00bb0&#8243; global_colors_info=\u00bb{}\u00bb][et_pb_heading title=\u00bbE-commerce\u00bb _builder_version=\u00bb4.25.1&#8243; _module_preset=\u00bbf0c675ea-2574-4d0e-b725-30f8550a8550&#8243; title_text_align=\u00bbcenter\u00bb custom_margin=\u00bb||0px||false|false\u00bb hover_enabled=\u00bb0&#8243; global_colors_info=\u00bb{}\u00bb][\/et_pb_heading][\/et_pb_column][et_pb_column type=\u00bb1_6&#8243; _builder_version=\u00bb4.25.1&#8243; _module_preset=\u00bb50607da8-57bc-4d4b-aaef-f02e41c2cc4a\u00bb custom_padding=\u00bb30px|30px|20px|30px|false|true\u00bb hover_enabled=\u00bb0&#8243; global_colors_info=\u00bb{}\u00bb][et_pb_heading title=\u00bbSistemas de Aprendizaje Virtual\u00bb _builder_version=\u00bb4.25.1&#8243; _module_preset=\u00bbf0c675ea-2574-4d0e-b725-30f8550a8550&#8243; title_text_align=\u00bbcenter\u00bb custom_margin=\u00bb||0px||false|false\u00bb hover_enabled=\u00bb0&#8243; global_colors_info=\u00bb{}\u00bb][\/et_pb_heading][\/et_pb_column][et_pb_column type=\u00bb1_6&#8243; _builder_version=\u00bb4.25.1&#8243; _module_preset=\u00bb50607da8-57bc-4d4b-aaef-f02e41c2cc4a\u00bb custom_padding=\u00bb30px|30px|20px|30px|false|true\u00bb hover_enabled=\u00bb0&#8243; global_colors_info=\u00bb{}\u00bb][et_pb_heading title=\u00bbTendencias de la Industria\u00bb _builder_version=\u00bb4.25.1&#8243; _module_preset=\u00bbf0c675ea-2574-4d0e-b725-30f8550a8550&#8243; title_text_align=\u00bbcenter\u00bb custom_margin=\u00bb||0px||false|false\u00bb hover_enabled=\u00bb0&#8243; global_colors_info=\u00bb{}\u00bb][\/et_pb_heading][\/et_pb_column][\/et_pb_row][\/et_pb_section][et_pb_section fb_built=\u00bb1&#8243; admin_label=\u00bbTestimonials\u00bb _builder_version=\u00bb4.18.0&#8243; _module_preset=\u00bbdefault\u00bb hover_enabled=\u00bb0&#8243; locked=\u00bboff\u00bb template_type=\u00bbsection\u00bb collapsed=\u00bbon\u00bb global_colors_info=\u00bb{}\u00bb][et_pb_row _builder_version=\u00bb4.16&#8243; _module_preset=\u00bb5138c454-be54-4233-bd3b-f8e6a8747976&#8243; hover_enabled=\u00bb0&#8243; locked=\u00bboff\u00bb global_colors_info=\u00bb{}\u00bb][et_pb_column type=\u00bb4_4&#8243; _builder_version=\u00bb4.16&#8243; _module_preset=\u00bb73121f80-a3ef-4484-8763-c3f18e3c56d2&#8243; hover_enabled=\u00bb0&#8243; global_colors_info=\u00bb{}\u00bb][et_pb_heading title=\u00bbLo que dicen nuestros lectores\u00bb _builder_version=\u00bb4.24.2&#8243; _module_preset=\u00bbc33f07d9-41e0-421a-8799-5799df695cce\u00bb title_text_align=\u00bbcenter\u00bb hover_enabled=\u00bb0&#8243; global_colors_info=\u00bb{}\u00bb][\/et_pb_heading][\/et_pb_column][\/et_pb_row][et_pb_row column_structure=\u00bb1_3,1_3,1_3&#8243; _builder_version=\u00bb4.24.2&#8243; _module_preset=\u00bb5138c454-be54-4233-bd3b-f8e6a8747976&#8243; hover_enabled=\u00bb0&#8243; global_colors_info=\u00bb{}\u00bb][et_pb_column type=\u00bb1_3&#8243; _builder_version=\u00bb4.17.3&#8243; _module_preset=\u00bb73121f80-a3ef-4484-8763-c3f18e3c56d2&#8243; custom_padding=\u00bb||30px||false|false\u00bb hover_enabled=\u00bb0&#8243; global_colors_info=\u00bb{}\u00bb][et_pb_icon font_icon=\u00bb&#xf10d;||fa||900&#8243; module_class=\u00bbai_ignore_font_icon\u00bb _builder_version=\u00bb4.24.3&#8243; _module_preset=\u00bbc2c23269-d09e-4bca-9247-65cd5ecf15a9&#8243; hover_enabled=\u00bb0&#8243; global_colors_info=\u00bb{%22gcid-f2943306-fa6c-45f0-b632-5fc00151366a%22:%91%22icon_color%22%93}\u00bb][\/et_pb_icon][et_pb_text _builder_version=\u00bb4.24.3&#8243; _module_preset=\u00bbca5459fa-2abd-4000-9b59-3cb483bcc17e\u00bb text_font=\u00bb&#8211;et_global_body_font|700|||||||\u00bb hover_enabled=\u00bb0&#8243; global_colors_info=\u00bb{}\u00bb]<\/p>\n<p>\u201cGracias a los art\u00edculos de Juan Rom\u00e1n, he podido mejorar significativamente el SEO de mi sitio web. \u00a1Altamente recomendado!\u201d<\/p>\n<p>[\/et_pb_text][et_pb_blurb title=\u00bbMar\u00eda L\u00f3pez\u00bb image=\u00bbhttps:\/\/agencia.juanroman.es\/wp-content\/uploads\/2024\/08\/new-portrait-11-800&#215;800-1-4-800&#215;800.jpg\u00bb _builder_version=\u00bb4.24.3&#8243; _module_preset=\u00bb203c76fc-aee0-4484-9be1-f0e2ebd81a8f\u00bb hover_enabled=\u00bb0&#8243; global_colors_info=\u00bb{}\u00bb]<\/p>\n<p>Especialista en Marketing Digital<\/p>\n<p>[\/et_pb_blurb][\/et_pb_column][et_pb_column type=\u00bb1_3&#8243; _builder_version=\u00bb4.17.3&#8243; _module_preset=\u00bb73121f80-a3ef-4484-8763-c3f18e3c56d2&#8243; custom_padding=\u00bb||30px||false|false\u00bb hover_enabled=\u00bb0&#8243; global_colors_info=\u00bb{}\u00bb][et_pb_icon font_icon=\u00bb&#xf10d;||fa||900&#8243; module_class=\u00bbai_ignore_font_icon\u00bb _builder_version=\u00bb4.24.3&#8243; _module_preset=\u00bbc2c23269-d09e-4bca-9247-65cd5ecf15a9&#8243; hover_enabled=\u00bb0&#8243; locked=\u00bboff\u00bb global_colors_info=\u00bb{%22gcid-f2943306-fa6c-45f0-b632-5fc00151366a%22:%91%22icon_color%22%93}\u00bb][\/et_pb_icon][et_pb_text _builder_version=\u00bb4.24.3&#8243; _module_preset=\u00bbca5459fa-2abd-4000-9b59-3cb483bcc17e\u00bb text_font=\u00bb&#8211;et_global_body_font|700|||||||\u00bb hover_enabled=\u00bb0&#8243; locked=\u00bboff\u00bb global_colors_info=\u00bb{}\u00bb]<\/p>\n<p>\u201cLos consejos de dise\u00f1o web que encontr\u00e9 en el blog han sido invaluables para el redise\u00f1o de mi tienda online. \u00a1Gran recurso!\u201d<\/p>\n<p>[\/et_pb_text][et_pb_blurb title=\u00bbCarlos M\u00e9ndez\u00bb image=\u00bbhttps:\/\/agencia.juanroman.es\/wp-content\/uploads\/2024\/08\/new-portrait-10-800&#215;800-1-4-800&#215;800.jpg\u00bb _builder_version=\u00bb4.24.3&#8243; _module_preset=\u00bb203c76fc-aee0-4484-9be1-f0e2ebd81a8f\u00bb hover_enabled=\u00bb0&#8243; locked=\u00bboff\u00bb global_colors_info=\u00bb{}\u00bb]<\/p>\n<p>Propietario de E-commerce<\/p>\n<p>[\/et_pb_blurb][\/et_pb_column][et_pb_column type=\u00bb1_3&#8243; _builder_version=\u00bb4.17.3&#8243; _module_preset=\u00bb73121f80-a3ef-4484-8763-c3f18e3c56d2&#8243; custom_padding=\u00bb||30px||false|false\u00bb hover_enabled=\u00bb0&#8243; global_colors_info=\u00bb{}\u00bb][et_pb_icon font_icon=\u00bb&#xf10d;||fa||900&#8243; module_class=\u00bbai_ignore_font_icon\u00bb _builder_version=\u00bb4.24.3&#8243; _module_preset=\u00bbc2c23269-d09e-4bca-9247-65cd5ecf15a9&#8243; hover_enabled=\u00bb0&#8243; locked=\u00bboff\u00bb global_colors_info=\u00bb{%22gcid-f2943306-fa6c-45f0-b632-5fc00151366a%22:%91%22icon_color%22%93}\u00bb][\/et_pb_icon][et_pb_text _builder_version=\u00bb4.24.3&#8243; _module_preset=\u00bbca5459fa-2abd-4000-9b59-3cb483bcc17e\u00bb text_font=\u00bb&#8211;et_global_body_font|700|||||||\u00bb hover_enabled=\u00bb0&#8243; locked=\u00bboff\u00bb global_colors_info=\u00bb{}\u00bb]<\/p>\n<p>\u201cCada art\u00edculo est\u00e1 lleno de informaci\u00f3n pr\u00e1ctica y f\u00e1cil de entender. He aprendido mucho sobre desarrollo web gracias a este blog.\u201d<\/p>\n<p>[\/et_pb_text][et_pb_blurb title=\u00bbAna Garc\u00eda\u00bb image=\u00bbhttps:\/\/agencia.juanroman.es\/wp-content\/uploads\/2024\/08\/new-portrait-9-800&#215;800-1-4-800&#215;800.jpg\u00bb _builder_version=\u00bb4.24.3&#8243; _module_preset=\u00bb203c76fc-aee0-4484-9be1-f0e2ebd81a8f\u00bb hover_enabled=\u00bb0&#8243; locked=\u00bboff\u00bb global_colors_info=\u00bb{}\u00bb]<\/p>\n<p>Desarrolladora Web<\/p>\n<p>[\/et_pb_blurb][\/et_pb_column][\/et_pb_row][\/et_pb_section][et_pb_section fb_built=\u00bb1&#8243; admin_label=\u00bbNewsletter\u00bb _builder_version=\u00bb4.24.3&#8243; _module_preset=\u00bbdefault\u00bb custom_padding=\u00bb0px||0px||false|false\u00bb hover_enabled=\u00bb0&#8243; template_type=\u00bbsection\u00bb collapsed=\u00bbon\u00bb global_colors_info=\u00bb{}\u00bb][et_pb_row column_structure=\u00bb1_2,1_2&#8243; use_custom_gutter=\u00bbon\u00bb gutter_width=\u00bb1&#8243; make_equal=\u00bbon\u00bb _builder_version=\u00bb4.24.3&#8243; _module_preset=\u00bb5138c454-be54-4233-bd3b-f8e6a8747976&#8243; width=\u00bb100%\u00bb max_width=\u00bbnone\u00bb custom_padding=\u00bb0px||0px||false|false\u00bb hover_enabled=\u00bb0&#8243; global_colors_info=\u00bb{}\u00bb][et_pb_column type=\u00bb1_2&#8243; _builder_version=\u00bb4.24.2&#8243; _module_preset=\u00bb73121f80-a3ef-4484-8763-c3f18e3c56d2&#8243; background_image=\u00bbhttps:\/\/agencia.juanroman.es\/wp-content\/uploads\/2024\/08\/0-ef1c26e5-1df0-4c55-afa7-c33d518f4257-1080&#215;600.jpg\u00bb hover_enabled=\u00bb0&#8243; global_colors_info=\u00bb{}\u00bb][et_pb_divider show_divider=\u00bboff\u00bb _builder_version=\u00bb4.17.3&#8243; _module_preset=\u00bbdefault\u00bb height_tablet=\u00bb40vw\u00bb height_phone=\u00bb40vw\u00bb height_last_edited=\u00bbon|phone\u00bb hover_enabled=\u00bb0&#8243; global_colors_info=\u00bb{}\u00bb][\/et_pb_divider][\/et_pb_column][et_pb_column type=\u00bb1_2&#8243; _builder_version=\u00bb4.24.3&#8243; _module_preset=\u00bb73121f80-a3ef-4484-8763-c3f18e3c56d2&#8243; background_color=\u00bbgcid-primary-color\u00bb custom_padding=\u00bb8%|10%|8%|10%|true|true\u00bb hover_enabled=\u00bb0&#8243; global_colors_info=\u00bb{%22gcid-primary-color%22:%91%22background_color%22%93}\u00bb][et_pb_heading title=\u00bbSuscr\u00edbete a nuestro bolet\u00edn\u00bb _builder_version=\u00bb4.24.2&#8243; _module_preset=\u00bbc33f07d9-41e0-421a-8799-5799df695cce\u00bb title_text_align=\u00bbcenter\u00bb title_text_color=\u00bb#FFFFFF\u00bb hover_enabled=\u00bb0&#8243; locked=\u00bboff\u00bb global_colors_info=\u00bb{}\u00bb][\/et_pb_heading][et_pb_text _builder_version=\u00bb4.23&#8243; _module_preset=\u00bb0504de1e-f5ff-4281-ba60-cbbe4edf98bc\u00bb text_orientation=\u00bbcenter\u00bb custom_margin=\u00bb||30px||false|false\u00bb hover_enabled=\u00bb0&#8243; locked=\u00bboff\u00bb global_colors_info=\u00bb{%22gcid-36fd78a7-34bc-404d-873c-dafa34efaae5%22:%91%22icon_color%22,%22icon_color%22,%22icon_color%22,%22icon_color%22,%22link_text_color%22,%22icon_color%22,%22icon_color%22,%22icon_color%22,%22icon_color%22,%22link_text_color%22%93}\u00bb]<\/p>\n<p>Recibe las \u00faltimas novedades, consejos y art\u00edculos sobre dise\u00f1o y desarrollo web directamente en tu bandeja de entrada. \u00a1No te lo pierdas!<\/p>\n<p>[\/et_pb_text][et_pb_signup mailchimp_list=\u00bbelegantthemestest|1ea2bbd026&#8243; first_name_field=\u00bboff\u00bb last_name_field=\u00bboff\u00bb _builder_version=\u00bb4.23&#8243; _module_preset=\u00bb9eb953e9-ab90-4e8c-b6ac-9daa4b421b28&#8243; hover_enabled=\u00bb0&#8243; locked=\u00bboff\u00bb global_colors_info=\u00bb{}\u00bb][\/et_pb_signup][\/et_pb_column][\/et_pb_row][\/et_pb_section][et_pb_section fb_built=\u00bb1&#8243; admin_label=\u00bbCall to Action\u00bb _builder_version=\u00bb4.24.2&#8243; _module_preset=\u00bbdefault\u00bb background_color=\u00bbgcid-primary-color\u00bb use_background_color_gradient=\u00bbon\u00bb background_color_gradient_direction=\u00bb65deg\u00bb background_color_gradient_stops=\u00bb#000000 0%|rgba(255,255,255,0) 100%\u00bb background_color_gradient_overlays_image=\u00bbon\u00bb background_enable_image=\u00bboff\u00bb custom_padding=\u00bb5vw||5vw||true|false\u00bb hover_enabled=\u00bb0&#8243; locked=\u00bboff\u00bb template_type=\u00bbsection\u00bb collapsed=\u00bbon\u00bb global_colors_info=\u00bb{%22gcid-primary-color%22:%91%22background_color%22%93}\u00bb][et_pb_row _builder_version=\u00bb4.18.0&#8243; _module_preset=\u00bb5138c454-be54-4233-bd3b-f8e6a8747976&#8243; hover_enabled=\u00bb0&#8243; global_colors_info=\u00bb{}\u00bb][et_pb_column type=\u00bb4_4&#8243; _builder_version=\u00bb4.18.0&#8243; _module_preset=\u00bb73121f80-a3ef-4484-8763-c3f18e3c56d2&#8243; hover_enabled=\u00bb0&#8243; global_colors_info=\u00bb{}\u00bb][et_pb_cta title=\u00bbExplora nuestros servicios\u00bb button_url=\u00bb#\u00bb button_text=\u00bbDescubre m\u00e1s\u00bb _builder_version=\u00bb4.23.1&#8243; _module_preset=\u00bb4c2ad5d0-871e-414e-a4be-aa9134d4ae8e\u00bb custom_padding=\u00bb60px|60px|60px|60px|true|true\u00bb custom_padding_tablet=\u00bb30px|30px|30px|30px|true|true\u00bb custom_padding_phone=\u00bb20px|20px|20px|20px|true|true\u00bb custom_padding_last_edited=\u00bbon|desktop\u00bb hover_enabled=\u00bb0&#8243; locked=\u00bboff\u00bb global_colors_info=\u00bb{%22gcid-f2943306-fa6c-45f0-b632-5fc00151366a%22:%91%22button_text_color%22%93,%22gcid-36fd78a7-34bc-404d-873c-dafa34efaae5%22:%91%22button_text_color%22,%22color%22,%22background_color%22%93,%22gcid-7cadd8b3-5228-48e4-90c4-212d09232f7b%22:%91%22color%22,%22color%22,%22color%22,%22color%22%93,%22gcid-f113ad93-2527-46d7-862b-fc71181c6b5e%22:%91%22border_color_all%22,%22border_color_all%22%93}\u00bb text_font_size_tablet=\u00bb16px\u00bb text_font_size_phone=\u00bb14px\u00bb text_font_size_last_edited=\u00bbon|phone\u00bb]<\/p>\n<p>\u00bfInteresado en llevar tu proyecto al siguiente nivel? Conoce m\u00e1s sobre nuestros servicios de dise\u00f1o y desarrollo web. \u00a1Haz clic y descubre c\u00f3mo podemos ayudarte!<\/p>\n<p>[\/et_pb_cta][\/et_pb_column][\/et_pb_row][\/et_pb_section]<\/p>\n","protected":false},"excerpt":{"rendered":"<p>Descubre art\u00edculos, consejos y novedades sobre dise\u00f1o y desarrollo web. Mantente al d\u00eda con las \u00faltimas tendencias y mejores pr\u00e1cticas de la industria.\u201cGracias a los art\u00edculos de Juan Rom\u00e1n, he podido mejorar significativamente el SEO de mi sitio web. \u00a1Altamente recomendado!\u201dEspecialista en Marketing Digital\u201cLos consejos de dise\u00f1o web que encontr\u00e9 en el blog han sido [&hellip;]<\/p>\n","protected":false},"author":1,"featured_media":0,"parent":0,"menu_order":0,"comment_status":"closed","ping_status":"closed","template":"","meta":{"_et_pb_use_builder":"on","_et_pb_old_content":"","_et_gb_content_width":"","footnotes":""},"class_list":["post-243","page","type-page","status-publish","hentry"],"_links":{"self":[{"href":"https:\/\/agencia.juanroman.es\/index.php\/wp-json\/wp\/v2\/pages\/243","targetHints":{"allow":["GET"]}}],"collection":[{"href":"https:\/\/agencia.juanroman.es\/index.php\/wp-json\/wp\/v2\/pages"}],"about":[{"href":"https:\/\/agencia.juanroman.es\/index.php\/wp-json\/wp\/v2\/types\/page"}],"author":[{"embeddable":true,"href":"https:\/\/agencia.juanroman.es\/index.php\/wp-json\/wp\/v2\/users\/1"}],"replies":[{"embeddable":true,"href":"https:\/\/agencia.juanroman.es\/index.php\/wp-json\/wp\/v2\/comments?post=243"}],"version-history":[{"count":1,"href":"https:\/\/agencia.juanroman.es\/index.php\/wp-json\/wp\/v2\/pages\/243\/revisions"}],"predecessor-version":[{"id":304,"href":"https:\/\/agencia.juanroman.es\/index.php\/wp-json\/wp\/v2\/pages\/243\/revisions\/304"}],"wp:attachment":[{"href":"https:\/\/agencia.juanroman.es\/index.php\/wp-json\/wp\/v2\/media?parent=243"}],"curies":[{"name":"wp","href":"https:\/\/api.w.org\/{rel}","templated":true}]}}